{"id":2362,"date":"2026-02-09T16:45:25","date_gmt":"2026-02-09T21:45:25","guid":{"rendered":"https:\/\/navajowhite-hawk-814464.hostingersite.com\/?page_id=2362"},"modified":"2026-02-16T09:37:51","modified_gmt":"2026-02-16T14:37:51","slug":"lima-ica","status":"publish","type":"page","link":"https:\/\/delsolarperutravel.com\/en\/lima-ica\/","title":{"rendered":"LIMA &#8211; ICA"},"content":{"rendered":"\t\t<div data-elementor-type=\"wp-page\" data-elementor-id=\"2362\" class=\"elementor elementor-2362\" data-elementor-post-type=\"page\">\n\t\t\t\t<div class=\"elementor-element elementor-element-9af5ae6 e-flex e-con-boxed e-con e-parent\" data-id=\"9af5ae6\" data-element_type=\"container\" data-e-type=\"container\">\n\t\t\t\t\t<div class=\"e-con-inner\">\n\t\t\t\t<div class=\"elementor-element elementor-element-a082b94 elementor-widget elementor-widget-catalogbooking\" data-id=\"a082b94\" data-element_type=\"widget\" data-e-type=\"widget\" data-widget_type=\"catalogbooking.default\">\n\t\t\t\t<div class=\"elementor-widget-container\">\n\t\t\t\t\t\n<script>\n  if (typeof hasAmeliaEntitiesApiCall === 'undefined' && ('' === '' && '' !== '1')) {\n    var hasAmeliaEntitiesApiCall = true;\n  }\n  var ameliaShortcodeData = (typeof ameliaShortcodeData === 'undefined') ? [] : ameliaShortcodeData;\n  ameliaShortcodeData.push(\n    {\n      'hasApiCall': (typeof hasAmeliaEntitiesApiCall !== 'undefined') && hasAmeliaEntitiesApiCall,\n      'trigger': '',\n      'trigger_type': '',\n      'triggered_form': 'cbf',\n      'in_dialog': '',\n      'show': '',\n      'counter': '1000',\n      'package': '',\n      'category': '',\n      'service': '66',\n      'employee': '',\n      'location': '',\n      'categories_hidden': ''\n    }\n  );\n  var ameliaShortcodeDataTriggered = (typeof ameliaShortcodeDataTriggered === 'undefined') ? [] : ameliaShortcodeDataTriggered;\n  if (ameliaShortcodeData[ameliaShortcodeData.length - 1].trigger !== '') {\n    if (ameliaShortcodeDataTriggered.filter(a => a.counter === ameliaShortcodeData[ameliaShortcodeData.length - 1].counter).length === 0) {\n      ameliaShortcodeDataTriggered.push(ameliaShortcodeData.pop());\n    } else {\n      ameliaShortcodeData.pop()\n    }\n  }\n  if (typeof hasAmeliaEntitiesApiCall !== 'undefined' && hasAmeliaEntitiesApiCall) {\n    hasAmeliaEntitiesApiCall = false;\n  }\n<\/script>\n\n<div\n  id=\"amelia-v2-booking-1000\"\n  class=\"amelia-v2-booking\"\n>\n    <catalog-form-wrapper><\/catalog-form-wrapper><\/div>\n\t\t\t\t<\/div>\n\t\t\t\t<\/div>\n\t\t\t\t\t<\/div>\n\t\t\t\t<\/div>\n\t\t<div class=\"elementor-element elementor-element-c66fcf1 e-flex e-con-boxed e-con e-parent\" data-id=\"c66fcf1\" data-element_type=\"container\" data-e-type=\"container\">\n\t\t\t\t\t<div class=\"e-con-inner\">\n\t\t\t\t<div class=\"elementor-element elementor-element-1547daa elementor-widget elementor-widget-html\" data-id=\"1547daa\" data-element_type=\"widget\" data-e-type=\"widget\" data-widget_type=\"html.default\">\n\t\t\t\t\t<style>\r\n\/* ===== FORMULARIO VIAJE ESCOLAR 2026 ===== *\/\r\n.form-viaje {\r\n    max-width: 700px;\r\n    margin: 0 auto;\r\n    padding: 50px 40px;\r\n    background: #ffffff;\r\n    border-radius: 20px;\r\n    box-shadow: 0 15px 40px rgba(0,0,0,.08);\r\n    font-family: 'Segoe UI', sans-serif;\r\n}\r\n\r\n.form-viaje h2 {\r\n    text-align: center;\r\n    color: #79221B;\r\n    margin-bottom: 10px;\r\n    font-size: 28px;\r\n}\r\n\r\n.form-viaje p {\r\n    text-align: center;\r\n    margin-bottom: 35px;\r\n    color: #555;\r\n}\r\n\r\n.form-group {\r\n    margin-bottom: 20px;\r\n}\r\n\r\n.form-viaje label {\r\n    display: block;\r\n    margin-bottom: 6px;\r\n    font-weight: 600;\r\n    font-size: 14px;\r\n    color: #79221B;\r\n}\r\n\r\n.form-viaje input,\r\n.form-viaje select,\r\n.form-viaje textarea {\r\n    width: 100%;\r\n    padding: 14px 15px;\r\n    border-radius: 10px;\r\n    border: 1px solid #ddd;\r\n    font-size: 14px;\r\n    transition: .3s ease;\r\n}\r\n\r\n.form-viaje input:focus,\r\n.form-viaje select:focus,\r\n.form-viaje textarea:focus {\r\n    border-color: #79221B;\r\n    outline: none;\r\n    box-shadow: 0 0 0 3px rgba(121,34,27,.1);\r\n}\r\n\r\n.form-viaje textarea {\r\n    resize: none;\r\n    min-height: 100px;\r\n}\r\n\r\n.btn-submit {\r\n    width: 100%;\r\n    padding: 15px;\r\n    background: #79221B;\r\n    color: #fff;\r\n    border: none;\r\n    border-radius: 50px;\r\n    font-weight: 600;\r\n    font-size: 15px;\r\n    cursor: pointer;\r\n    transition: .3s ease;\r\n}\r\n\r\n.btn-submit:hover {\r\n    background: #5e1914;\r\n    transform: translateY(-2px);\r\n}\r\n\r\n@media(max-width:768px){\r\n    .form-viaje {\r\n        padding: 40px 20px;\r\n    }\r\n}\r\n<\/style>\r\n\r\n<div class=\"form-viaje\">\r\n    <h2>Solicita Informaci\u00f3n 2026<\/h2>\r\n    <p>D\u00e9janos tus datos y te enviaremos el calendario oficial y cotizaci\u00f3n personalizada.<\/p>\r\n\r\n    <form action=\"#\" method=\"post\">\r\n\r\n        <div class=\"form-group\">\r\n            <label>Nombre Completo<\/label>\r\n            <input type=\"text\" name=\"nombre\" required>\r\n        <\/div>\r\n\r\n        <div class=\"form-group\">\r\n            <label>Instituci\u00f3n Educativa<\/label>\r\n            <input type=\"text\" name=\"institucion\" required>\r\n        <\/div>\r\n\r\n        <div class=\"form-group\">\r\n            <label>Tel\u00e9fono \/ WhatsApp<\/label>\r\n            <input type=\"tel\" name=\"telefono\" required>\r\n        <\/div>\r\n\r\n        <div class=\"form-group\">\r\n            <label>Correo Electr\u00f3nico<\/label>\r\n            <input type=\"email\" name=\"email\" required>\r\n        <\/div>\r\n\r\n        <div class=\"form-group\">\r\n            <label>N\u00famero Aproximado de Estudiantes<\/label>\r\n            <select name=\"estudiantes\" required>\r\n                <option value=\"\">Seleccionar<\/option>\r\n                <option>20 - 30<\/option>\r\n                <option>30 - 40<\/option>\r\n                <option>40 - 50<\/option>\r\n                <option>M\u00e1s de 50<\/option>\r\n            <\/select>\r\n        <\/div>\r\n\r\n        <div class=\"form-group\">\r\n            <label>Mensaje<\/label>\r\n            <textarea name=\"mensaje\" placeholder=\"Cu\u00e9ntanos qu\u00e9 destino o fechas tienes en mente...\"><\/textarea>\r\n        <\/div>\r\n\r\n        <button type=\"submit\" class=\"btn-submit\">Enviar Solicitud<\/button>\r\n\r\n    <\/form>\r\n<\/div>\r\n\t\t\t\t<\/div>\n\t\t\t\t\t<\/div>\n\t\t\t\t<\/div>\n\t\t\t\t<\/div>\n\t\t","protected":false},"excerpt":{"rendered":"<p>Solicita Informaci\u00f3n 2026 D\u00e9janos tus datos y te enviaremos el calendario oficial y cotizaci\u00f3n personalizada. Nombre Completo Instituci\u00f3n Educativa Tel\u00e9fono \/ WhatsApp Correo Electr\u00f3nico N\u00famero Aproximado de Estudiantes Seleccionar20 &#8211; 3030 &#8211; 4040 &#8211; 50M\u00e1s de 50 Mensaje Enviar Solicitud<\/p>","protected":false},"author":1,"featured_media":0,"parent":0,"menu_order":0,"comment_status":"closed","ping_status":"closed","template":"elementor_header_footer","meta":{"_joinchat":[],"footnotes":""},"class_list":["post-2362","page","type-page","status-publish","hentry"],"_links":{"self":[{"href":"https:\/\/delsolarperutravel.com\/en\/wp-json\/wp\/v2\/pages\/2362","targetHints":{"allow":["GET"]}}],"collection":[{"href":"https:\/\/delsolarperutravel.com\/en\/wp-json\/wp\/v2\/pages"}],"about":[{"href":"https:\/\/delsolarperutravel.com\/en\/wp-json\/wp\/v2\/types\/page"}],"author":[{"embeddable":true,"href":"https:\/\/delsolarperutravel.com\/en\/wp-json\/wp\/v2\/users\/1"}],"replies":[{"embeddable":true,"href":"https:\/\/delsolarperutravel.com\/en\/wp-json\/wp\/v2\/comments?post=2362"}],"version-history":[{"count":7,"href":"https:\/\/delsolarperutravel.com\/en\/wp-json\/wp\/v2\/pages\/2362\/revisions"}],"predecessor-version":[{"id":3249,"href":"https:\/\/delsolarperutravel.com\/en\/wp-json\/wp\/v2\/pages\/2362\/revisions\/3249"}],"wp:attachment":[{"href":"https:\/\/delsolarperutravel.com\/en\/wp-json\/wp\/v2\/media?parent=2362"}],"curies":[{"name":"wp","href":"https:\/\/api.w.org\/{rel}","templated":true}]}}