{"id":79,"date":"2025-11-07T14:18:15","date_gmt":"2025-11-07T14:18:15","guid":{"rendered":"https:\/\/navajowhite-hawk-814464.hostingersite.com\/?page_id=79"},"modified":"2026-02-26T12:42:38","modified_gmt":"2026-02-26T17:42:38","slug":"viajes-de-estudios","status":"publish","type":"page","link":"https:\/\/delsolarperutravel.com\/pt\/viajes-de-estudios\/","title":{"rendered":"VIAGEM DE ESTUDOS"},"content":{"rendered":"\t\t<div data-elementor-type=\"wp-page\" data-elementor-id=\"79\" class=\"elementor elementor-79\" data-elementor-post-type=\"page\">\n\t\t\t\t<div class=\"elementor-element elementor-element-7a448c4 e-flex e-con-boxed e-con e-parent\" data-id=\"7a448c4\" data-element_type=\"container\" data-e-type=\"container\" data-settings=\"{&quot;background_background&quot;:&quot;classic&quot;}\">\n\t\t\t\t\t<div class=\"e-con-inner\">\n\t\t\t\t<div class=\"elementor-element elementor-element-a07d6c0 elementor-widget elementor-widget-theme-post-title elementor-page-title elementor-widget-heading\" data-id=\"a07d6c0\" data-element_type=\"widget\" data-e-type=\"widget\" data-widget_type=\"theme-post-title.default\">\n\t\t\t\t\t<h1 class=\"elementor-heading-title elementor-size-default\">VIAJES DE ESTUDIOS<\/h1>\t\t\t\t<\/div>\n\t\t\t\t\t<\/div>\n\t\t\t\t<\/div>\n\t\t<div class=\"elementor-element elementor-element-c677452 e-flex e-con-boxed e-con e-parent\" data-id=\"c677452\" data-element_type=\"container\" data-e-type=\"container\">\n\t\t\t\t\t<div class=\"e-con-inner\">\n\t\t\t\t<div class=\"elementor-element elementor-element-e79c40d elementor-widget elementor-widget-catalogbooking\" data-id=\"e79c40d\" data-element_type=\"widget\" data-e-type=\"widget\" data-widget_type=\"catalogbooking.default\">\n\t\t\t\t<div class=\"elementor-widget-container\">\n\t\t\t\t\t\n<script>\n  if (typeof hasAmeliaEntitiesApiCall === 'undefined' && ('' === '' && '' !== '1')) {\n    var hasAmeliaEntitiesApiCall = true;\n  }\n  var ameliaShortcodeData = (typeof ameliaShortcodeData === 'undefined') ? [] : ameliaShortcodeData;\n  ameliaShortcodeData.push(\n    {\n      'hasApiCall': (typeof hasAmeliaEntitiesApiCall !== 'undefined') && hasAmeliaEntitiesApiCall,\n      'trigger': '',\n      'trigger_type': '',\n      'triggered_form': 'cbf',\n      'in_dialog': '',\n      'show': '',\n      'counter': '1000',\n      'package': '',\n      'category': '18',\n      'service': '',\n      'employee': '',\n      'location': '',\n      'categories_hidden': ''\n    }\n  );\n  var ameliaShortcodeDataTriggered = (typeof ameliaShortcodeDataTriggered === 'undefined') ? [] : ameliaShortcodeDataTriggered;\n  if (ameliaShortcodeData[ameliaShortcodeData.length - 1].trigger !== '') {\n    if (ameliaShortcodeDataTriggered.filter(a => a.counter === ameliaShortcodeData[ameliaShortcodeData.length - 1].counter).length === 0) {\n      ameliaShortcodeDataTriggered.push(ameliaShortcodeData.pop());\n    } else {\n      ameliaShortcodeData.pop()\n    }\n  }\n  if (typeof hasAmeliaEntitiesApiCall !== 'undefined' && hasAmeliaEntitiesApiCall) {\n    hasAmeliaEntitiesApiCall = false;\n  }\n<\/script>\n\n<div\n  id=\"amelia-v2-booking-1000\"\n  class=\"amelia-v2-booking\"\n>\n    <catalog-form-wrapper><\/catalog-form-wrapper><\/div>\n\t\t\t\t<\/div>\n\t\t\t\t<\/div>\n\t\t\t\t\t<\/div>\n\t\t\t\t<\/div>\n\t\t<div class=\"elementor-element elementor-element-be1c258 e-flex e-con-boxed e-con e-parent\" data-id=\"be1c258\" data-element_type=\"container\" data-e-type=\"container\">\n\t\t\t\t\t<div class=\"e-con-inner\">\n\t\t\t\t<div class=\"elementor-element elementor-element-127852a elementor-widget elementor-widget-html\" data-id=\"127852a\" data-element_type=\"widget\" data-e-type=\"widget\" data-widget_type=\"html.default\">\n\t\t\t\t\t<style>\r\n\/* ===== FORMULARIO VIAJE ESCOLAR 2026 ===== *\/\r\n.form-viaje {\r\n    max-width: 700px;\r\n    margin: 0 auto;\r\n    padding: 50px 40px;\r\n    background: #ffffff;\r\n    border-radius: 20px;\r\n    box-shadow: 0 15px 40px rgba(0,0,0,.08);\r\n    font-family: 'Segoe UI', sans-serif;\r\n}\r\n.form-viaje h2 {\r\n    text-align: center;\r\n    color: #79221B;\r\n    margin-bottom: 10px;\r\n    font-size: 28px;\r\n}\r\n.form-viaje p {\r\n    text-align: center;\r\n    margin-bottom: 35px;\r\n    color: #555;\r\n}\r\n.form-group { margin-bottom: 20px; }\r\n.form-viaje label {\r\n    display: block;\r\n    margin-bottom: 6px;\r\n    font-weight: 600;\r\n    font-size: 14px;\r\n    color: #79221B;\r\n}\r\n.form-viaje input, .form-viaje select, .form-viaje textarea {\r\n    width: 100%;\r\n    padding: 14px 15px;\r\n    border-radius: 10px;\r\n    border: 1px solid #ddd;\r\n    font-size: 14px;\r\n    transition: .3s ease;\r\n}\r\n.form-viaje input:focus, .form-viaje select:focus, .form-viaje textarea:focus {\r\n    border-color: #79221B;\r\n    outline: none;\r\n    box-shadow: 0 0 0 3px rgba(121,34,27,.1);\r\n}\r\n.form-viaje textarea { resize: none; min-height: 100px; }\r\n.btn-submit {\r\n    width: 100%;\r\n    padding: 15px;\r\n    background: #79221B;\r\n    color: #fff;\r\n    border: none;\r\n    border-radius: 50px;\r\n    font-weight: 600;\r\n    font-size: 15px;\r\n    cursor: pointer;\r\n    transition: .3s ease;\r\n}\r\n.btn-submit:hover { background: #5e1914; transform: translateY(-2px); }\r\n@media(max-width:768px){\r\n    .form-viaje { padding: 40px 20px; }\r\n}\r\n<\/style>\r\n\r\n<div class=\"form-viaje\">\r\n  <h2>Solicita Informaci\u00f3n 2026<\/h2>\r\n  <p>D\u00e9janos tus datos y te enviaremos el calendario oficial y cotizaci\u00f3n personalizada.<\/p>\r\n\r\n  <form id=\"formViaje\">\r\n    <div class=\"form-group\">\r\n      <label>Nombre Completo<\/label>\r\n      <input type=\"text\" name=\"nombre\" required>\r\n    <\/div>\r\n\r\n    <div class=\"form-group\">\r\n      <label>Instituci\u00f3n Educativa<\/label>\r\n      <input type=\"text\" name=\"institucion\" required>\r\n    <\/div>\r\n\r\n    <div class=\"form-group\">\r\n      <label>Tel\u00e9fono \/ WhatsApp<\/label>\r\n      <input type=\"tel\" name=\"telefono\" required>\r\n    <\/div>\r\n\r\n    <div class=\"form-group\">\r\n      <label>Correo Electr\u00f3nico<\/label>\r\n      <input type=\"email\" name=\"email\" required>\r\n    <\/div>\r\n\r\n    <div class=\"form-group\">\r\n      <label>N\u00famero Aproximado de Estudiantes<\/label>\r\n      <select name=\"estudiantes\" required>\r\n        <option value=\"\">Seleccionar<\/option>\r\n        <option>20 - 30<\/option>\r\n        <option>30 - 40<\/option>\r\n        <option>40 - 50<\/option>\r\n        <option>M\u00e1s de 50<\/option>\r\n      <\/select>\r\n    <\/div>\r\n\r\n    <div class=\"form-group\">\r\n      <label>Mensaje<\/label>\r\n      <textarea name=\"mensaje\" placeholder=\"Cu\u00e9ntanos qu\u00e9 destino o fechas tienes en mente...\"><\/textarea>\r\n    <\/div>\r\n\r\n    <button type=\"submit\" class=\"btn-submit\">Enviar Solicitud<\/button>\r\n  <\/form>\r\n<\/div>\r\n\r\n<script>\r\ndocument.addEventListener(\"DOMContentLoaded\", function () {\r\n  const form = document.getElementById(\"formViaje\");\r\n  const phone = \"51943539286\"; \/\/ WhatsApp destino\r\n\r\n  form.addEventListener(\"submit\", function (e) {\r\n    e.preventDefault();\r\n\r\n    const nombre = (form.nombre.value || \"\").trim();\r\n    const institucion = (form.institucion.value || \"\").trim();\r\n    const telefono = (form.telefono.value || \"\").trim();\r\n    const email = (form.email.value || \"\").trim();\r\n    const estudiantes = (form.estudiantes.value || \"\").trim();\r\n    const mensaje = (form.mensaje.value || \"\").trim();\r\n\r\n    const text =\r\n`\ud83d\udccc *Solicitud de Informaci\u00f3n 2026*\r\n\ud83d\udc64 *Nombre:* ${nombre}\r\n\ud83c\udfeb *Instituci\u00f3n:* ${institucion}\r\n\ud83d\udcf1 *Tel\u00e9fono\/WhatsApp:* ${telefono}\r\n\ud83d\udce7 *Correo:* ${email}\r\n\ud83d\udc65 *Estudiantes:* ${estudiantes}\r\n\ud83d\udcdd *Mensaje:* ${mensaje || \"\u2014\"}`;\r\n\r\n    const url = `https:\/\/wa.me\/${phone}?text=${encodeURIComponent(text)}`;\r\n    window.open(url, \"_blank\");\r\n  });\r\n});\r\n<\/script>\t\t\t\t<\/div>\n\t\t\t\t\t<\/div>\n\t\t\t\t<\/div>\n\t\t\t\t<\/div>\n\t\t","protected":false},"excerpt":{"rendered":"<p>Solicita Informaci\u00f3n 2026 D\u00e9janos tus datos y te enviaremos el calendario oficial y cotizaci\u00f3n personalizada. Nombre Completo Instituci\u00f3n Educativa Tel\u00e9fono \/ WhatsApp Correo Electr\u00f3nico N\u00famero Aproximado de Estudiantes Seleccionar20 &#8211; 3030 &#8211; 4040 &#8211; 50M\u00e1s de 50 Mensaje Enviar Solicitud<\/p>","protected":false},"author":1,"featured_media":0,"parent":0,"menu_order":0,"comment_status":"closed","ping_status":"closed","template":"elementor_header_footer","meta":{"_joinchat":[],"footnotes":""},"class_list":["post-79","page","type-page","status-publish","hentry"],"_links":{"self":[{"href":"https:\/\/delsolarperutravel.com\/pt\/wp-json\/wp\/v2\/pages\/79","targetHints":{"allow":["GET"]}}],"collection":[{"href":"https:\/\/delsolarperutravel.com\/pt\/wp-json\/wp\/v2\/pages"}],"about":[{"href":"https:\/\/delsolarperutravel.com\/pt\/wp-json\/wp\/v2\/types\/page"}],"author":[{"embeddable":true,"href":"https:\/\/delsolarperutravel.com\/pt\/wp-json\/wp\/v2\/users\/1"}],"replies":[{"embeddable":true,"href":"https:\/\/delsolarperutravel.com\/pt\/wp-json\/wp\/v2\/comments?post=79"}],"version-history":[{"count":26,"href":"https:\/\/delsolarperutravel.com\/pt\/wp-json\/wp\/v2\/pages\/79\/revisions"}],"predecessor-version":[{"id":4711,"href":"https:\/\/delsolarperutravel.com\/pt\/wp-json\/wp\/v2\/pages\/79\/revisions\/4711"}],"wp:attachment":[{"href":"https:\/\/delsolarperutravel.com\/pt\/wp-json\/wp\/v2\/media?parent=79"}],"curies":[{"name":"wp","href":"https:\/\/api.w.org\/{rel}","templated":true}]}}